{"id":3476,"date":"2024-01-02T21:23:33","date_gmt":"2024-01-02T21:23:33","guid":{"rendered":"https:\/\/bleuetieregiard.ca\/product\/2025-vegetable-basket\/"},"modified":"2024-01-02T21:23:33","modified_gmt":"2024-01-02T21:23:33","slug":"2025-vegetable-basket","status":"publish","type":"product","link":"https:\/\/bleuetieregiard.ca\/en\/product\/2025-vegetable-basket\/","title":{"rendered":"2025 Vegetable Basket"},"content":{"rendered":"<p>If you are looking to pay for your registration to the weekly Sucr\u00e9 Sant\u00e9 farm basket, you are in the right place!<\/p>\n<p><strong>Fill out the following form with the information of your registration : <a href=\"https:\/\/forms.gle\/BmTx9pDQv1KFC3X66\">https:\/\/forms.gle\/BmTx9pDQv1KFC3X66<\/a><\/strong><\/p>\n<p>Don&#8217;t forget to chose each of your options:<\/p>\n<ul>\n<li style=\"list-style-type: none;\">\n<ul>\n<li>Number of weeks<\/li>\n<li>Adding eggs?<\/li>\n<li>Number of payments\n<ul>\n<li>For 2 payments, you must come back to this page to complete the second one. It will not be done for you automatically.<\/li>\n<\/ul>\n<\/li>\n<\/ul>\n<\/li>\n<\/ul>\n","protected":false},"excerpt":{"rendered":"<p>If you are looking to pay for your registration to the weekly Sucr\u00e9 Sant\u00e9 farm basket, you are in the right place!<\/p>\n<p><strong>Fill out the following form with the information of your registration : <a href=\"https:\/\/forms.gle\/BmTx9pDQv1KFC3X66\">https:\/\/forms.gle\/BmTx9pDQv1KFC3X66<\/a><\/strong><\/p>\n","protected":false},"featured_media":3624,"template":"","meta":{"_exactmetrics_skip_tracking":false,"_exactmetrics_sitenote_active":false,"_exactmetrics_sitenote_note":"","_exactmetrics_sitenote_category":0},"product_brand":[],"product_cat":[86],"product_tag":[],"class_list":{"0":"post-3476","1":"product","2":"type-product","3":"status-publish","4":"has-post-thumbnail","6":"product_cat-unclassified","8":"first","9":"instock","10":"purchasable","11":"product-type-variable"},"yoast_head":"<!-- This site is optimized with the Yoast SEO plugin v26.8 - https:\/\/yoast.com\/product\/yoast-seo-wordpress\/ -->\n<title>2025 Vegetable Basket - Bleueti\u00e8re Giard<\/title>\n<meta name=\"robots\" content=\"index, follow, max-snippet:-1, max-image-preview:large, max-video-preview:-1\" \/>\n<link rel=\"canonical\" href=\"https:\/\/bleuetieregiard.ca\/en\/product\/2025-vegetable-basket\/\" \/>\n<meta property=\"og:locale\" content=\"en_US\" \/>\n<meta property=\"og:type\" content=\"article\" \/>\n<meta property=\"og:title\" content=\"2025 Vegetable Basket - Bleueti\u00e8re Giard\" \/>\n<meta property=\"og:description\" content=\"If you are looking to pay for your registration to the weekly Sucr\u00e9 Sant\u00e9 farm basket, you are in the right place!  Fill out the following form with the information of your registration : https:\/\/forms.gle\/BmTx9pDQv1KFC3X66\" \/>\n<meta property=\"og:url\" content=\"https:\/\/bleuetieregiard.ca\/en\/product\/2025-vegetable-basket\/\" \/>\n<meta property=\"og:site_name\" content=\"Bleueti\u00e8re Giard\" \/>\n<meta property=\"og:image\" content=\"https:\/\/bleuetieregiard.ca\/wp-content\/uploads\/2024\/01\/1-1.png\" \/>\n\t<meta property=\"og:image:width\" content=\"1000\" \/>\n\t<meta property=\"og:image:height\" content=\"1000\" \/>\n\t<meta property=\"og:image:type\" content=\"image\/png\" \/>\n<meta name=\"twitter:card\" content=\"summary_large_image\" \/>\n<script type=\"application\/ld+json\" class=\"yoast-schema-graph\">{\"@context\":\"https:\/\/schema.org\",\"@graph\":[{\"@type\":\"WebPage\",\"@id\":\"https:\/\/bleuetieregiard.ca\/en\/product\/2025-vegetable-basket\/\",\"url\":\"https:\/\/bleuetieregiard.ca\/en\/product\/2025-vegetable-basket\/\",\"name\":\"2025 Vegetable Basket - Bleueti\u00e8re Giard\",\"isPartOf\":{\"@id\":\"https:\/\/bleuetieregiard.ca\/#website\"},\"primaryImageOfPage\":{\"@id\":\"https:\/\/bleuetieregiard.ca\/en\/product\/2025-vegetable-basket\/#primaryimage\"},\"image\":{\"@id\":\"https:\/\/bleuetieregiard.ca\/en\/product\/2025-vegetable-basket\/#primaryimage\"},\"thumbnailUrl\":\"https:\/\/bleuetieregiard.ca\/wp-content\/uploads\/2024\/01\/1-2.png\",\"datePublished\":\"2024-01-02T21:23:33+00:00\",\"breadcrumb\":{\"@id\":\"https:\/\/bleuetieregiard.ca\/en\/product\/2025-vegetable-basket\/#breadcrumb\"},\"inLanguage\":\"en-US\",\"potentialAction\":[{\"@type\":\"ReadAction\",\"target\":[\"https:\/\/bleuetieregiard.ca\/en\/product\/2025-vegetable-basket\/\"]}]},{\"@type\":\"ImageObject\",\"inLanguage\":\"en-US\",\"@id\":\"https:\/\/bleuetieregiard.ca\/en\/product\/2025-vegetable-basket\/#primaryimage\",\"url\":\"https:\/\/bleuetieregiard.ca\/wp-content\/uploads\/2024\/01\/1-2.png\",\"contentUrl\":\"https:\/\/bleuetieregiard.ca\/wp-content\/uploads\/2024\/01\/1-2.png\",\"width\":1000,\"height\":1000},{\"@type\":\"BreadcrumbList\",\"@id\":\"https:\/\/bleuetieregiard.ca\/en\/product\/2025-vegetable-basket\/#breadcrumb\",\"itemListElement\":[{\"@type\":\"ListItem\",\"position\":1,\"name\":\"Accueil\",\"item\":\"https:\/\/bleuetieregiard.ca\/en\/\"},{\"@type\":\"ListItem\",\"position\":2,\"name\":\"Online Boutique\",\"item\":\"https:\/\/bleuetieregiard.ca\/en\/boutique\/\"},{\"@type\":\"ListItem\",\"position\":3,\"name\":\"2025 Vegetable Basket\"}]},{\"@type\":\"WebSite\",\"@id\":\"https:\/\/bleuetieregiard.ca\/#website\",\"url\":\"https:\/\/bleuetieregiard.ca\/\",\"name\":\"Bleueti\u00e8re Giard\",\"description\":\"\",\"publisher\":{\"@id\":\"https:\/\/bleuetieregiard.ca\/#organization\"},\"potentialAction\":[{\"@type\":\"SearchAction\",\"target\":{\"@type\":\"EntryPoint\",\"urlTemplate\":\"https:\/\/bleuetieregiard.ca\/?s={search_term_string}\"},\"query-input\":{\"@type\":\"PropertyValueSpecification\",\"valueRequired\":true,\"valueName\":\"search_term_string\"}}],\"inLanguage\":\"en-US\"},{\"@type\":\"Organization\",\"@id\":\"https:\/\/bleuetieregiard.ca\/#organization\",\"name\":\"Bleueti\u00e8re Giard\",\"url\":\"https:\/\/bleuetieregiard.ca\/\",\"logo\":{\"@type\":\"ImageObject\",\"inLanguage\":\"en-US\",\"@id\":\"https:\/\/bleuetieregiard.ca\/#\/schema\/logo\/image\/\",\"url\":\"https:\/\/bleuetieregiard.ca\/wp-content\/uploads\/2021\/02\/cropped-logo-bleuetiere-giard_vert.png\",\"contentUrl\":\"https:\/\/bleuetieregiard.ca\/wp-content\/uploads\/2021\/02\/cropped-logo-bleuetiere-giard_vert.png\",\"width\":500,\"height\":333,\"caption\":\"Bleueti\u00e8re Giard\"},\"image\":{\"@id\":\"https:\/\/bleuetieregiard.ca\/#\/schema\/logo\/image\/\"}}]}<\/script>\n<!-- \/ Yoast SEO plugin. -->","yoast_head_json":{"title":"2025 Vegetable Basket - Bleueti\u00e8re Giard","robots":{"index":"index","follow":"follow","max-snippet":"max-snippet:-1","max-image-preview":"max-image-preview:large","max-video-preview":"max-video-preview:-1"},"canonical":"https:\/\/bleuetieregiard.ca\/en\/product\/2025-vegetable-basket\/","og_locale":"en_US","og_type":"article","og_title":"2025 Vegetable Basket - Bleueti\u00e8re Giard","og_description":"If you are looking to pay for your registration to the weekly Sucr\u00e9 Sant\u00e9 farm basket, you are in the right place!  Fill out the following form with the information of your registration : https:\/\/forms.gle\/BmTx9pDQv1KFC3X66","og_url":"https:\/\/bleuetieregiard.ca\/en\/product\/2025-vegetable-basket\/","og_site_name":"Bleueti\u00e8re Giard","og_image":[{"width":1000,"height":1000,"url":"https:\/\/bleuetieregiard.ca\/wp-content\/uploads\/2024\/01\/1-1.png","type":"image\/png"}],"twitter_card":"summary_large_image","schema":{"@context":"https:\/\/schema.org","@graph":[{"@type":"WebPage","@id":"https:\/\/bleuetieregiard.ca\/en\/product\/2025-vegetable-basket\/","url":"https:\/\/bleuetieregiard.ca\/en\/product\/2025-vegetable-basket\/","name":"2025 Vegetable Basket - Bleueti\u00e8re Giard","isPartOf":{"@id":"https:\/\/bleuetieregiard.ca\/#website"},"primaryImageOfPage":{"@id":"https:\/\/bleuetieregiard.ca\/en\/product\/2025-vegetable-basket\/#primaryimage"},"image":{"@id":"https:\/\/bleuetieregiard.ca\/en\/product\/2025-vegetable-basket\/#primaryimage"},"thumbnailUrl":"https:\/\/bleuetieregiard.ca\/wp-content\/uploads\/2024\/01\/1-2.png","datePublished":"2024-01-02T21:23:33+00:00","breadcrumb":{"@id":"https:\/\/bleuetieregiard.ca\/en\/product\/2025-vegetable-basket\/#breadcrumb"},"inLanguage":"en-US","potentialAction":[{"@type":"ReadAction","target":["https:\/\/bleuetieregiard.ca\/en\/product\/2025-vegetable-basket\/"]}]},{"@type":"ImageObject","inLanguage":"en-US","@id":"https:\/\/bleuetieregiard.ca\/en\/product\/2025-vegetable-basket\/#primaryimage","url":"https:\/\/bleuetieregiard.ca\/wp-content\/uploads\/2024\/01\/1-2.png","contentUrl":"https:\/\/bleuetieregiard.ca\/wp-content\/uploads\/2024\/01\/1-2.png","width":1000,"height":1000},{"@type":"BreadcrumbList","@id":"https:\/\/bleuetieregiard.ca\/en\/product\/2025-vegetable-basket\/#breadcrumb","itemListElement":[{"@type":"ListItem","position":1,"name":"Accueil","item":"https:\/\/bleuetieregiard.ca\/en\/"},{"@type":"ListItem","position":2,"name":"Online Boutique","item":"https:\/\/bleuetieregiard.ca\/en\/boutique\/"},{"@type":"ListItem","position":3,"name":"2025 Vegetable Basket"}]},{"@type":"WebSite","@id":"https:\/\/bleuetieregiard.ca\/#website","url":"https:\/\/bleuetieregiard.ca\/","name":"Bleueti\u00e8re Giard","description":"","publisher":{"@id":"https:\/\/bleuetieregiard.ca\/#organization"},"potentialAction":[{"@type":"SearchAction","target":{"@type":"EntryPoint","urlTemplate":"https:\/\/bleuetieregiard.ca\/?s={search_term_string}"},"query-input":{"@type":"PropertyValueSpecification","valueRequired":true,"valueName":"search_term_string"}}],"inLanguage":"en-US"},{"@type":"Organization","@id":"https:\/\/bleuetieregiard.ca\/#organization","name":"Bleueti\u00e8re Giard","url":"https:\/\/bleuetieregiard.ca\/","logo":{"@type":"ImageObject","inLanguage":"en-US","@id":"https:\/\/bleuetieregiard.ca\/#\/schema\/logo\/image\/","url":"https:\/\/bleuetieregiard.ca\/wp-content\/uploads\/2021\/02\/cropped-logo-bleuetiere-giard_vert.png","contentUrl":"https:\/\/bleuetieregiard.ca\/wp-content\/uploads\/2021\/02\/cropped-logo-bleuetiere-giard_vert.png","width":500,"height":333,"caption":"Bleueti\u00e8re Giard"},"image":{"@id":"https:\/\/bleuetieregiard.ca\/#\/schema\/logo\/image\/"}}]}},"_links":{"self":[{"href":"https:\/\/bleuetieregiard.ca\/en\/wp-json\/wp\/v2\/product\/3476","targetHints":{"allow":["GET"]}}],"collection":[{"href":"https:\/\/bleuetieregiard.ca\/en\/wp-json\/wp\/v2\/product"}],"about":[{"href":"https:\/\/bleuetieregiard.ca\/en\/wp-json\/wp\/v2\/types\/product"}],"wp:featuredmedia":[{"embeddable":true,"href":"https:\/\/bleuetieregiard.ca\/en\/wp-json\/wp\/v2\/media\/3624"}],"wp:attachment":[{"href":"https:\/\/bleuetieregiard.ca\/en\/wp-json\/wp\/v2\/media?parent=3476"}],"wp:term":[{"taxonomy":"product_brand","embeddable":true,"href":"https:\/\/bleuetieregiard.ca\/en\/wp-json\/wp\/v2\/product_brand?post=3476"},{"taxonomy":"product_cat","embeddable":true,"href":"https:\/\/bleuetieregiard.ca\/en\/wp-json\/wp\/v2\/product_cat?post=3476"},{"taxonomy":"product_tag","embeddable":true,"href":"https:\/\/bleuetieregiard.ca\/en\/wp-json\/wp\/v2\/product_tag?post=3476"}],"curies":[{"name":"wp","href":"https:\/\/api.w.org\/{rel}","templated":true}]}}