{"id":1663,"date":"2019-11-28T16:48:40","date_gmt":"2019-11-28T16:48:40","guid":{"rendered":"https:\/\/bleuetiere.solutionsnuagiques.com\/?page_id=1663"},"modified":"2025-02-17T22:50:44","modified_gmt":"2025-02-17T22:50:44","slug":"about","status":"publish","type":"page","link":"https:\/\/bleuetieregiard.ca\/en\/about\/","title":{"rendered":"About us"},"content":{"rendered":"<div class=\"wpb-content-wrapper\"><p>[vc_row][vc_column][vc_empty_space alter_height=&#8221;none&#8221; hide_on_desktop=&#8221;&#8221; hide_on_notebook=&#8221;&#8221; hide_on_tablet=&#8221;&#8221; hide_on_mobile=&#8221;&#8221; css=&#8221;.vc_custom_1574977923993{margin-bottom: 1.2rem !important;}&#8221;][\/vc_column][vc_column width=&#8221;2\/3&#8243; hide_bg_image_on_tablet=&#8221;&#8221; hide_bg_image_on_mobile=&#8221;&#8221; css=&#8221;.vc_custom_1563306369563{padding-right: 7rem !important;}&#8221;][vc_empty_space hide_on_desktop=&#8221;&#8221; hide_on_notebook=&#8221;&#8221; hide_on_tablet=&#8221;&#8221; hide_on_mobile=&#8221;&#8221; css=&#8221;.vc_custom_1516097365462{margin-bottom: -2.1rem !important;}&#8221;]<div id=\"sc_title_1208175863\"\n\t\tclass=\"sc_title color_style_default sc_title_alter\"><h3 class=\"sc_item_title sc_title_title sc_align_left sc_item_title_style_alter sc_item_title_tag\">Our History<\/h3><\/div><!-- \/.sc_title -->[vc_column_text]<\/p>\n<div class=\"zw-paragraph heading7585905\" data-width=\"720\" data-header=\"7585905\" data-textformat=\"{&quot;size&quot;:11}\">\n<div class=\"zw-line-div\">\n<div class=\"zw-line-content\">\n<p class=\"zw-paragraph heading4444446\" data-header=\"4444446\" data-hd-info=\"4444446\" data-doc-id=\"581120000000037002\" data-doc-type=\"writer\">For more than 30 years, the production of blueberries and maple sirup has been a constant source of joy for many at the Bleueti\u00e8re et \u00c9rabli\u00e8re Giard.\u00a0<span class=\"EOP\">\u00a0<\/span><\/p>\n<p class=\"zw-paragraph heading4444446\" data-header=\"4444446\" data-hd-info=\"4444446\">The Giard family planted their first plants at a time when very few believed that production could be possible in Granby, Qu\u00e9bec and their innovation continued to produce the best blueberries in the region. At the heart of the company was the idea that visitors could pick their own blueberries while the highest priority has always been the happiness of the client.\u00a0<span class=\"EOP\">\u00a0<\/span><\/p>\n<p class=\"zw-paragraph heading4444446\" data-header=\"4444446\" data-hd-info=\"4444446\">In 2010, Luc Renaud and Nicole Hamel decided to continue the projects set out by the Giard family when they acquired the farm. While many new initiatives have been added such as many new varieties of blueberries, the values of the company have stayed the same. The quality of the blueberry and the happiness of the visitors has an importance that can be noticed at every visit.<\/p>\n<p class=\"zw-paragraph heading4444446\" data-header=\"4444446\" data-hd-info=\"4444446\">In spring 2019, Luc and Nicole decided to move into the next adventure for the farm: raspberries! We will announce when they are ready to be picked.<\/p>\n<p class=\"zw-paragraph heading4444446\" data-header=\"4444446\" data-hd-info=\"4444446\" data-doc-id=\"581120000000037002\" data-doc-type=\"writer\">We now have about 5 000 blueberry plants in over 7 varieties as well as 2 500 maple spouts. The 35 acres keeps its original farmhouse charm and invites visitors to relax with its beautiful views on the Bromont and Shefford mountains.<\/p>\n<\/div>\n<\/div>\n<\/div>\n<p>[\/vc_column_text][vc_empty_space alter_height=&#8221;small&#8221; hide_on_desktop=&#8221;&#8221; hide_on_notebook=&#8221;&#8221; hide_on_tablet=&#8221;&#8221; hide_on_mobile=&#8221;&#8221; css=&#8221;.vc_custom_1516097589668{margin-bottom: 1.5rem !important;}&#8221;][\/vc_column][vc_column width=&#8221;1\/3&#8243;][vc_empty_space height=&#8221;0&#8243; alter_height=&#8221;none&#8221; hide_on_desktop=&#8221;&#8221; hide_on_notebook=&#8221;&#8221; hide_on_tablet=&#8221;&#8221; hide_on_mobile=&#8221;&#8221; css=&#8221;.vc_custom_1516096877619{margin-bottom: 0rem !important;}&#8221;][vc_single_image image=&#8221;1459&#8243; img_size=&#8221;full&#8221;][\/vc_column][\/vc_row][vc_row full_width=&#8221;stretch_row&#8221; scheme=&#8221;default&#8221; css=&#8221;.vc_custom_1583254197667{background-image: url(https:\/\/bleuetieregiard.ca\/wp-content\/uploads\/2019\/07\/Fond-beige-bg-1024&#215;527.png?id=1272) !important;background-position: top left !important;}&#8221;][vc_column][vc_empty_space alter_height=&#8221;small&#8221; hide_on_desktop=&#8221;&#8221; hide_on_notebook=&#8221;&#8221; hide_on_tablet=&#8221;&#8221; hide_on_mobile=&#8221;&#8221; css=&#8221;.vc_custom_1567537960558{margin-bottom: 1.2rem !important;}&#8221;]<div id=\"sc_title_706599221\"\n\t\tclass=\"sc_title color_style_default sc_title_alter\"><h3 class=\"sc_item_title sc_title_title sc_align_left sc_item_title_style_alter sc_item_title_tag\">Our Values<\/h3><\/div><!-- \/.sc_title -->[vc_column_text]<\/p>\n<p class=\"zw-paragraph heading4444446\" data-header=\"4444446\" data-hd-info=\"4444446\" data-doc-id=\"581120000000037002\" data-doc-type=\"writer\">At the Bleueti\u00e8re et \u00c9rabli\u00e8re Giard, we have three core values that are held above all: quality, family, and respect.<\/p>\n<p class=\"zw-paragraph heading4444446\" data-header=\"4444446\" data-hd-info=\"4444446\">We guarantee the highest quality of products. We use modern technology in both our maple sirup and blueberry productions in order to guarantee the quality of our products<\/p>\n<p class=\"zw-paragraph heading4444446\" data-header=\"4444446\" data-hd-info=\"4444446\">Family is the foundation of the farm. We hold the moments that families experience while they are with us to be extremely important. Our team is, in its majority, made up of the family of the owners and we aspire to create an environment where families can enjoy their time together.<\/p>\n<p>Respect is at the heart of our decisions. In the fields or the boutiques, we are committed to respecting our visitors and the environment. Sustainable development is also important when making our decisions. In 2019, we have continued our promise to be more ecological by beginning the transition towards blueberry baskets with a wooden handle.[\/vc_column_text][vc_empty_space alter_height=&#8221;small&#8221; hide_on_desktop=&#8221;&#8221; hide_on_notebook=&#8221;&#8221; hide_on_tablet=&#8221;&#8221; hide_on_mobile=&#8221;&#8221; css=&#8221;.vc_custom_1516097589668{margin-bottom: 1.5rem !important;}&#8221;][\/vc_column][\/vc_row][vc_row][vc_column width=&#8221;1\/3&#8243;][vc_empty_space alter_height=&#8221;small&#8221; hide_on_desktop=&#8221;&#8221; hide_on_notebook=&#8221;&#8221; hide_on_tablet=&#8221;&#8221; hide_on_mobile=&#8221;&#8221; css=&#8221;.vc_custom_1516097589668{margin-bottom: 1.5rem !important;}&#8221;][vc_single_image image=&#8221;1456&#8243; img_size=&#8221;full&#8221;][vc_empty_space hide_on_desktop=&#8221;&#8221; hide_on_notebook=&#8221;&#8221; hide_on_tablet=&#8221;&#8221; hide_on_mobile=&#8221;&#8221; css=&#8221;.vc_custom_1516097365462{margin-bottom: -2.1rem !important;}&#8221;][\/vc_column][vc_column width=&#8221;2\/3&#8243; hide_bg_image_on_tablet=&#8221;&#8221; hide_bg_image_on_mobile=&#8221;&#8221; css=&#8221;.vc_custom_1563306369563{padding-right: 7rem !important;}&#8221;][vc_empty_space alter_height=&#8221;small&#8221; hide_on_desktop=&#8221;&#8221; hide_on_notebook=&#8221;&#8221; hide_on_tablet=&#8221;&#8221; hide_on_mobile=&#8221;&#8221; css=&#8221;.vc_custom_1516097589668{margin-bottom: 1.5rem !important;}&#8221;]<div id=\"sc_title_1473814475\"\n\t\tclass=\"sc_title color_style_default sc_title_alter\"><h3 class=\"sc_item_title sc_title_title sc_align_left sc_item_title_style_alter sc_item_title_tag\">Our Team<\/h3><\/div><!-- \/.sc_title -->[vc_column_text]<\/p>\n<p class=\"zw-paragraph heading4444446\" data-header=\"4444446\" data-hd-info=\"4444446\" data-doc-id=\"581120000000037002\" data-doc-type=\"writer\">Here is a snapshot of the main people who work at the farm.<\/p>\n<p><strong>Nicole Hamel et Luc Renaud &#8211; <span data-doc-id=\"581120000000037002\" data-doc-type=\"writer\">Owners<\/span><\/strong><br \/>\n<span data-doc-id=\"581120000000037002\" data-doc-type=\"writer\">They are the heart of the farm. With many years owning other businesses, including sugar bushes before this farm, they are now retired from all other work. They ensure that all the daily activities at the farm are completed and can almost always be found at the farm during opening hours. Nicole also prepares all of our transformed products.<\/span><\/p>\n<p><strong>Jessica Renaud &#8211; <span data-doc-id=\"581120000000037002\" data-doc-type=\"writer\">Owners\u2019 daughter<\/span><\/strong><br \/>\n<span data-doc-id=\"581120000000037002\" data-doc-type=\"writer\">Born with a passion for animals, Jessica is responsible for the petting farm and the wellbeing of the animals. She also takes part in the production of our transformed products and every other part of the farm. During opening hours, she can most often be found in the boutiques, ready to answer any of your questions.<\/span><\/p>\n<p><strong>Yannick Renaud &#8211; <span data-doc-id=\"581120000000037002\" data-doc-type=\"writer\">Owners\u2019 son<\/span><\/strong><br \/>\n<span data-doc-id=\"581120000000037002\" data-doc-type=\"writer\">Having grown up in the family\u2019s sugar bushes, he found a passion for maple syrup production from a young age. Now a maple syrup technicien, he is involved in almost every aspect of the farm.\u00a0<\/span><\/p>\n<p><strong>Daena Parsons &#8211; <span data-doc-id=\"581120000000037002\" data-doc-type=\"writer\">Owners\u2019 Daughter-in-law<\/span><\/strong><br \/>\n<span data-doc-id=\"581120000000037002\" data-doc-type=\"writer\">As Yannick&#8217;s partner of more than 8 years, Daena is involved in vegetable production, sales, and new online ventures as well as social media.\u00a0<\/span>[\/vc_column_text][vc_empty_space alter_height=&#8221;small&#8221; hide_on_desktop=&#8221;&#8221; hide_on_notebook=&#8221;&#8221; hide_on_tablet=&#8221;&#8221; hide_on_mobile=&#8221;&#8221; css=&#8221;.vc_custom_1516097589668{margin-bottom: 1.5rem !important;}&#8221;][vc_empty_space height=&#8221;0&#8243; alter_height=&#8221;none&#8221; hide_on_desktop=&#8221;&#8221; hide_on_notebook=&#8221;&#8221; hide_on_tablet=&#8221;&#8221; hide_on_mobile=&#8221;&#8221; css=&#8221;.vc_custom_1516096877619{margin-bottom: 0rem !important;}&#8221;][\/vc_column][\/vc_row]<\/p>\n<\/div>","protected":false},"excerpt":{"rendered":"<p>[vc_row][vc_column][vc_empty_space alter_height=&#8221;none&#8221; hide_on_desktop=&#8221;&#8221; hide_on_notebook=&#8221;&#8221; hide_on_tablet=&#8221;&#8221; hide_on_mobile=&#8221;&#8221; css=&#8221;.vc_custom_1574977923993{margin-bottom: 1.2rem !important;}&#8221;][\/vc_column][vc_column width=&#8221;2\/3&#8243; hide_bg_image_on_tablet=&#8221;&#8221; hide_bg_image_on_mobile=&#8221;&#8221; css=&#8221;.vc_custom_1563306369563{padding-right: 7rem !important;}&#8221;][vc_empty_space hide_on_desktop=&#8221;&#8221; hide_on_notebook=&#8221;&#8221; hide_on_tablet=&#8221;&#8221; hide_on_mobile=&#8221;&#8221; css=&#8221;.vc_custom_1516097365462{margin-bottom: -2.1rem !important;}&#8221;][vc_column_text] For more than 30 years, the production of&hellip;<\/p>\n","protected":false},"author":1,"featured_media":0,"parent":0,"menu_order":0,"comment_status":"closed","ping_status":"closed","template":"","meta":{"_exactmetrics_skip_tracking":false,"_exactmetrics_sitenote_active":false,"_exactmetrics_sitenote_note":"","_exactmetrics_sitenote_category":0,"footnotes":""},"class_list":["post-1663","page","type-page","status-publish","hentry"],"yoast_head":"<!-- This site is optimized with the Yoast SEO plugin v26.8 - https:\/\/yoast.com\/product\/yoast-seo-wordpress\/ -->\n<title>About us - Bleueti\u00e8re Giard<\/title>\n<meta name=\"robots\" content=\"index, follow, max-snippet:-1, max-image-preview:large, max-video-preview:-1\" \/>\n<link rel=\"canonical\" href=\"https:\/\/bleuetieregiard.ca\/en\/about\/\" \/>\n<meta property=\"og:locale\" content=\"en_US\" \/>\n<meta property=\"og:type\" content=\"article\" \/>\n<meta property=\"og:title\" content=\"About us - Bleueti\u00e8re Giard\" \/>\n<meta property=\"og:description\" content=\"[vc_row][vc_column][vc_empty_space alter_height=&#8221;none&#8221; hide_on_desktop=&#8221;&#8221; hide_on_notebook=&#8221;&#8221; hide_on_tablet=&#8221;&#8221; hide_on_mobile=&#8221;&#8221; css=&#8221;.vc_custom_1574977923993{margin-bottom: 1.2rem !important;}&#8221;][\/vc_column][vc_column width=&#8221;2\/3&#8243; hide_bg_image_on_tablet=&#8221;&#8221; hide_bg_image_on_mobile=&#8221;&#8221; css=&#8221;.vc_custom_1563306369563{padding-right: 7rem !important;}&#8221;][vc_empty_space hide_on_desktop=&#8221;&#8221; hide_on_notebook=&#8221;&#8221; hide_on_tablet=&#8221;&#8221; hide_on_mobile=&#8221;&#8221; css=&#8221;.vc_custom_1516097365462{margin-bottom: -2.1rem !important;}&#8221;][vc_column_text] For more than 30 years, the production of&hellip;\" \/>\n<meta property=\"og:url\" content=\"https:\/\/bleuetieregiard.ca\/en\/about\/\" \/>\n<meta property=\"og:site_name\" content=\"Bleueti\u00e8re Giard\" \/>\n<meta property=\"article:modified_time\" content=\"2025-02-17T22:50:44+00:00\" \/>\n<meta name=\"twitter:card\" content=\"summary_large_image\" \/>\n<meta name=\"twitter:label1\" content=\"Est. reading time\" \/>\n\t<meta name=\"twitter:data1\" content=\"5 minutes\" \/>\n<script type=\"application\/ld+json\" class=\"yoast-schema-graph\">{\"@context\":\"https:\/\/schema.org\",\"@graph\":[{\"@type\":\"WebPage\",\"@id\":\"https:\/\/bleuetieregiard.ca\/en\/about\/\",\"url\":\"https:\/\/bleuetieregiard.ca\/en\/about\/\",\"name\":\"About us - Bleueti\u00e8re Giard\",\"isPartOf\":{\"@id\":\"https:\/\/bleuetieregiard.ca\/#website\"},\"datePublished\":\"2019-11-28T16:48:40+00:00\",\"dateModified\":\"2025-02-17T22:50:44+00:00\",\"breadcrumb\":{\"@id\":\"https:\/\/bleuetieregiard.ca\/en\/about\/#breadcrumb\"},\"inLanguage\":\"en-US\",\"potentialAction\":[{\"@type\":\"ReadAction\",\"target\":[\"https:\/\/bleuetieregiard.ca\/en\/about\/\"]}]},{\"@type\":\"BreadcrumbList\",\"@id\":\"https:\/\/bleuetieregiard.ca\/en\/about\/#breadcrumb\",\"itemListElement\":[{\"@type\":\"ListItem\",\"position\":1,\"name\":\"Accueil\",\"item\":\"https:\/\/bleuetieregiard.ca\/en\/\"},{\"@type\":\"ListItem\",\"position\":2,\"name\":\"About us\"}]},{\"@type\":\"WebSite\",\"@id\":\"https:\/\/bleuetieregiard.ca\/#website\",\"url\":\"https:\/\/bleuetieregiard.ca\/\",\"name\":\"Bleueti\u00e8re Giard\",\"description\":\"\",\"publisher\":{\"@id\":\"https:\/\/bleuetieregiard.ca\/#organization\"},\"potentialAction\":[{\"@type\":\"SearchAction\",\"target\":{\"@type\":\"EntryPoint\",\"urlTemplate\":\"https:\/\/bleuetieregiard.ca\/?s={search_term_string}\"},\"query-input\":{\"@type\":\"PropertyValueSpecification\",\"valueRequired\":true,\"valueName\":\"search_term_string\"}}],\"inLanguage\":\"en-US\"},{\"@type\":\"Organization\",\"@id\":\"https:\/\/bleuetieregiard.ca\/#organization\",\"name\":\"Bleueti\u00e8re Giard\",\"url\":\"https:\/\/bleuetieregiard.ca\/\",\"logo\":{\"@type\":\"ImageObject\",\"inLanguage\":\"en-US\",\"@id\":\"https:\/\/bleuetieregiard.ca\/#\/schema\/logo\/image\/\",\"url\":\"https:\/\/bleuetieregiard.ca\/wp-content\/uploads\/2021\/02\/cropped-logo-bleuetiere-giard_vert.png\",\"contentUrl\":\"https:\/\/bleuetieregiard.ca\/wp-content\/uploads\/2021\/02\/cropped-logo-bleuetiere-giard_vert.png\",\"width\":500,\"height\":333,\"caption\":\"Bleueti\u00e8re Giard\"},\"image\":{\"@id\":\"https:\/\/bleuetieregiard.ca\/#\/schema\/logo\/image\/\"}}]}<\/script>\n<!-- \/ Yoast SEO plugin. -->","yoast_head_json":{"title":"About us - Bleueti\u00e8re Giard","robots":{"index":"index","follow":"follow","max-snippet":"max-snippet:-1","max-image-preview":"max-image-preview:large","max-video-preview":"max-video-preview:-1"},"canonical":"https:\/\/bleuetieregiard.ca\/en\/about\/","og_locale":"en_US","og_type":"article","og_title":"About us - Bleueti\u00e8re Giard","og_description":"[vc_row][vc_column][vc_empty_space alter_height=&#8221;none&#8221; hide_on_desktop=&#8221;&#8221; hide_on_notebook=&#8221;&#8221; hide_on_tablet=&#8221;&#8221; hide_on_mobile=&#8221;&#8221; css=&#8221;.vc_custom_1574977923993{margin-bottom: 1.2rem !important;}&#8221;][\/vc_column][vc_column width=&#8221;2\/3&#8243; hide_bg_image_on_tablet=&#8221;&#8221; hide_bg_image_on_mobile=&#8221;&#8221; css=&#8221;.vc_custom_1563306369563{padding-right: 7rem !important;}&#8221;][vc_empty_space hide_on_desktop=&#8221;&#8221; hide_on_notebook=&#8221;&#8221; hide_on_tablet=&#8221;&#8221; hide_on_mobile=&#8221;&#8221; css=&#8221;.vc_custom_1516097365462{margin-bottom: -2.1rem !important;}&#8221;][vc_column_text] For more than 30 years, the production of&hellip;","og_url":"https:\/\/bleuetieregiard.ca\/en\/about\/","og_site_name":"Bleueti\u00e8re Giard","article_modified_time":"2025-02-17T22:50:44+00:00","twitter_card":"summary_large_image","twitter_misc":{"Est. reading time":"5 minutes"},"schema":{"@context":"https:\/\/schema.org","@graph":[{"@type":"WebPage","@id":"https:\/\/bleuetieregiard.ca\/en\/about\/","url":"https:\/\/bleuetieregiard.ca\/en\/about\/","name":"About us - Bleueti\u00e8re Giard","isPartOf":{"@id":"https:\/\/bleuetieregiard.ca\/#website"},"datePublished":"2019-11-28T16:48:40+00:00","dateModified":"2025-02-17T22:50:44+00:00","breadcrumb":{"@id":"https:\/\/bleuetieregiard.ca\/en\/about\/#breadcrumb"},"inLanguage":"en-US","potentialAction":[{"@type":"ReadAction","target":["https:\/\/bleuetieregiard.ca\/en\/about\/"]}]},{"@type":"BreadcrumbList","@id":"https:\/\/bleuetieregiard.ca\/en\/about\/#breadcrumb","itemListElement":[{"@type":"ListItem","position":1,"name":"Accueil","item":"https:\/\/bleuetieregiard.ca\/en\/"},{"@type":"ListItem","position":2,"name":"About us"}]},{"@type":"WebSite","@id":"https:\/\/bleuetieregiard.ca\/#website","url":"https:\/\/bleuetieregiard.ca\/","name":"Bleueti\u00e8re Giard","description":"","publisher":{"@id":"https:\/\/bleuetieregiard.ca\/#organization"},"potentialAction":[{"@type":"SearchAction","target":{"@type":"EntryPoint","urlTemplate":"https:\/\/bleuetieregiard.ca\/?s={search_term_string}"},"query-input":{"@type":"PropertyValueSpecification","valueRequired":true,"valueName":"search_term_string"}}],"inLanguage":"en-US"},{"@type":"Organization","@id":"https:\/\/bleuetieregiard.ca\/#organization","name":"Bleueti\u00e8re Giard","url":"https:\/\/bleuetieregiard.ca\/","logo":{"@type":"ImageObject","inLanguage":"en-US","@id":"https:\/\/bleuetieregiard.ca\/#\/schema\/logo\/image\/","url":"https:\/\/bleuetieregiard.ca\/wp-content\/uploads\/2021\/02\/cropped-logo-bleuetiere-giard_vert.png","contentUrl":"https:\/\/bleuetieregiard.ca\/wp-content\/uploads\/2021\/02\/cropped-logo-bleuetiere-giard_vert.png","width":500,"height":333,"caption":"Bleueti\u00e8re Giard"},"image":{"@id":"https:\/\/bleuetieregiard.ca\/#\/schema\/logo\/image\/"}}]}},"_links":{"self":[{"href":"https:\/\/bleuetieregiard.ca\/en\/wp-json\/wp\/v2\/pages\/1663","targetHints":{"allow":["GET"]}}],"collection":[{"href":"https:\/\/bleuetieregiard.ca\/en\/wp-json\/wp\/v2\/pages"}],"about":[{"href":"https:\/\/bleuetieregiard.ca\/en\/wp-json\/wp\/v2\/types\/page"}],"author":[{"embeddable":true,"href":"https:\/\/bleuetieregiard.ca\/en\/wp-json\/wp\/v2\/users\/1"}],"replies":[{"embeddable":true,"href":"https:\/\/bleuetieregiard.ca\/en\/wp-json\/wp\/v2\/comments?post=1663"}],"version-history":[{"count":7,"href":"https:\/\/bleuetieregiard.ca\/en\/wp-json\/wp\/v2\/pages\/1663\/revisions"}],"predecessor-version":[{"id":3475,"href":"https:\/\/bleuetieregiard.ca\/en\/wp-json\/wp\/v2\/pages\/1663\/revisions\/3475"}],"wp:attachment":[{"href":"https:\/\/bleuetieregiard.ca\/en\/wp-json\/wp\/v2\/media?parent=1663"}],"curies":[{"name":"wp","href":"https:\/\/api.w.org\/{rel}","templated":true}]}}